{"id":40,"date":"2022-09-25T13:53:26","date_gmt":"2022-09-25T11:53:26","guid":{"rendered":"https:\/\/yogarh.uber.space\/?page_id=40"},"modified":"2026-03-03T11:36:12","modified_gmt":"2026-03-03T10:36:12","slug":"landing-page","status":"publish","type":"page","link":"https:\/\/yoga-in-rheinhessen.de\/","title":{"rendered":"Yoga in Rheinhessen"},"content":{"rendered":"\n<p><\/p>\n\n\n\n<h2 class=\"wp-block-heading has-larger-font-size\">Wer sind wir?<\/h2>\n\n\n\n<div class=\"wp-block-columns is-layout-flex wp-container-core-columns-is-layout-9d6595d7 wp-block-columns-is-layout-flex\" id=\"ueber-uns\">\n<div class=\"wp-block-column is-layout-flow wp-block-column-is-layout-flow\">\n<figure class=\"wp-block-image size-large\"><img loading=\"lazy\" decoding=\"async\" width=\"768\" height=\"1024\" src=\"https:\/\/yogarh.uber.space\/wp-content\/uploads\/2022\/12\/IMG_E5973-768x1024.jpg\" alt=\"\" class=\"wp-image-126\" srcset=\"https:\/\/yoga-in-rheinhessen.de\/wp-content\/uploads\/2022\/12\/IMG_E5973-768x1024.jpg 768w, https:\/\/yoga-in-rheinhessen.de\/wp-content\/uploads\/2022\/12\/IMG_E5973-225x300.jpg 225w, https:\/\/yoga-in-rheinhessen.de\/wp-content\/uploads\/2022\/12\/IMG_E5973-1152x1536.jpg 1152w, https:\/\/yoga-in-rheinhessen.de\/wp-content\/uploads\/2022\/12\/IMG_E5973-1536x2048.jpg 1536w, https:\/\/yoga-in-rheinhessen.de\/wp-content\/uploads\/2022\/12\/IMG_E5973-1200x1600.jpg 1200w, https:\/\/yoga-in-rheinhessen.de\/wp-content\/uploads\/2022\/12\/IMG_E5973-1980x2640.jpg 1980w, https:\/\/yoga-in-rheinhessen.de\/wp-content\/uploads\/2022\/12\/IMG_E5973-scaled.jpg 1920w\" sizes=\"auto, (max-width: 768px) 100vw, 768px\" \/><\/figure>\n<\/div>\n\n\n\n<div class=\"wp-block-column is-vertically-aligned-center is-layout-flow wp-block-column-is-layout-flow\">\n<h3 class=\"wp-block-heading\" style=\"font-size:25px\">Birgitt<\/h3>\n\n\n\n<ul style=\"font-size:23px\" class=\"wp-block-list\">\n<li class=\"ticss-92e33e58\">Jahrgang 1968<\/li>\n\n\n\n<li>Maschinenbau-Ingenieurin<\/li>\n\n\n\n<li>t\u00e4tig als Qualit\u00e4tsmanagerin<\/li>\n\n\n\n<li>seit 2011 im Yoga aktiv<\/li>\n<\/ul>\n<\/div>\n<\/div>\n\n\n\n<div class=\"wp-block-columns is-layout-flex wp-container-core-columns-is-layout-9d6595d7 wp-block-columns-is-layout-flex\">\n<div class=\"wp-block-column is-vertically-aligned-center is-layout-flow wp-block-column-is-layout-flow\" style=\"flex-basis:33%\">\n<h3 class=\"wp-block-heading\" style=\"font-size:25px\">Markus<\/h3>\n\n\n\n<ul style=\"font-size:23px\" class=\"wp-block-list\">\n<li>Jahrgang 1963<\/li>\n\n\n\n<li class=\"ticss-2828c158\">Arzt<\/li>\n\n\n\n<li>t\u00e4tig im Gesundheitsamt<\/li>\n\n\n\n<li>seit 2017 im Yoga aktiv<\/li>\n<\/ul>\n<\/div>\n\n\n\n<div class=\"wp-block-column has-normal-font-size is-layout-flow wp-block-column-is-layout-flow\" style=\"flex-basis:66%\">\n<figure class=\"wp-block-image alignfull size-full\"><img loading=\"lazy\" decoding=\"async\" width=\"2505\" height=\"1551\" src=\"https:\/\/yoga-in-rheinhessen.de\/wp-content\/uploads\/2022\/12\/IMG_5900-2.jpg\" alt=\"\" class=\"wp-image-127\" srcset=\"https:\/\/yoga-in-rheinhessen.de\/wp-content\/uploads\/2022\/12\/IMG_5900-2.jpg 2505w, https:\/\/yoga-in-rheinhessen.de\/wp-content\/uploads\/2022\/12\/IMG_5900-2-300x186.jpg 300w, https:\/\/yoga-in-rheinhessen.de\/wp-content\/uploads\/2022\/12\/IMG_5900-2-1024x634.jpg 1024w, https:\/\/yoga-in-rheinhessen.de\/wp-content\/uploads\/2022\/12\/IMG_5900-2-768x476.jpg 768w, https:\/\/yoga-in-rheinhessen.de\/wp-content\/uploads\/2022\/12\/IMG_5900-2-1536x951.jpg 1536w, https:\/\/yoga-in-rheinhessen.de\/wp-content\/uploads\/2022\/12\/IMG_5900-2-2048x1268.jpg 2048w, https:\/\/yoga-in-rheinhessen.de\/wp-content\/uploads\/2022\/12\/IMG_5900-2-1200x743.jpg 1200w, https:\/\/yoga-in-rheinhessen.de\/wp-content\/uploads\/2022\/12\/IMG_5900-2-1980x1226.jpg 1980w\" sizes=\"auto, (max-width: 2505px) 100vw, 2505px\" \/><\/figure>\n<\/div>\n<\/div>\n\n\n\n<p style=\"font-size:23px\">Wir haben beide im <strong>Freiburger ZAYT<\/strong> (Zentrum f\u00fcr Alexandertechnik, Yoga und Tanz) bei Olivia Rohr eine <strong>vierj\u00e4hrige Ausbildung<\/strong> zur Yogalehrerin bzw. zum Yogalehrer mit <strong>insgesamt 800 Unterrichtsstunden<\/strong> erfolgreich abgeschlossen und seitdem folgende <strong>Fortbildungen<\/strong> besucht:<\/p>\n\n\n\n<div class=\"wp-block-group\"><div class=\"wp-block-group__inner-container is-layout-constrained wp-block-group-is-layout-constrained\">\n<p style=\"font-size:23px\"><\/p>\n\n\n\n<ul style=\"font-size:23px\" class=\"wp-block-list\">\n<li style=\"font-size:23px\"><strong>Aerial Yoga<\/strong> \u2013 Raum f\u00fcr Atem und Yoga, Kirsten Sander<\/li>\n\n\n\n<li><strong>Body &amp; Breath<\/strong> \u2013 Skuban-Akademie, Nella und Ralph Skuban<\/li>\n\n\n\n<li><strong>Meditation leiten<\/strong> \u2013 B.I.E.K \/ Buddhas Weg, Claudia Kusalanandi Keller<\/li>\n\n\n\n<li><strong>QiGong<\/strong> \u2013 B.I.E.K \/ Buddhas Weg, Dewi De Waele<\/li>\n\n\n\n<li><strong>Yin Yoga \/ Yoga Nidra<\/strong> &#8211; Skuban-Akademie, Nella und Ralph Skuban<\/li>\n\n\n\n<li><strong>Yoga Intensiv Retreat<\/strong> &#8211; ZAYT, Olivia Rohr<\/li>\n<\/ul>\n<\/div><\/div>\n\n\n\n<p><\/p>\n\n\n\n<p style=\"font-size:23px\"><\/p>\n\n\n\n<h2 class=\"wp-block-heading has-larger-font-size\">Warum Yoga?<\/h2>\n\n\n\n<p style=\"font-size:23px\">Aus eigener Erfahrung wissen wir, wie vielf\u00e4ltig die positiven Auswirkungen einer regelm\u00e4\u00dfigen Yogapraxis sein k\u00f6nnen. Wenn auch du durch das \u00dcben von Yoga beispielsweise<\/p>\n\n\n\n<ul style=\"font-size:23px\" class=\"wp-block-list\">\n<li>zu mehr Ruhe und Gelassenheit findest<\/li>\n\n\n\n<li>einen achtsameren Umgang mit dir selbst und anderen pflegst<\/li>\n\n\n\n<li>im Alltag wahrnimmst, was dir gerade gut tut und was nicht<\/li>\n\n\n\n<li>K\u00f6rper und Geist besser in Einklang bringst<\/li>\n<\/ul>\n\n\n\n<p style=\"font-size:23px\">dann haben wir das erreicht, was wir mit unserem Unterricht vermitteln m\u00f6chten.<\/p>\n\n\n\n<p><\/p>\n\n\n\n<h2 class=\"wp-block-heading ticss-e74ec1be has-larger-font-size\">Wie und wen unterrichten wir?<\/h2>\n\n\n\n<p style=\"font-size:23px\">Unser Yoga-Unterricht basiert auf Hatha-Yoga, d.h. neben K\u00f6perhaltungen (Asanas) \u00fcben wir auch mit dem Atem (Pranayama) und Meditation.<\/p>\n\n\n\n<p style=\"font-size:23px\">Nach unserem Verst\u00e4ndnis braucht es f\u00fcr Yoga keine besonderen k\u00f6rperlichen Voraussetzungen. Wir achten darauf, dass alle Sch\u00fclerinnen und Sch\u00fcler in unserem Unterricht so \u00fcben, wie es dem jeweiligen K\u00f6nnen und der jeweiligen Tagesform angemessen ist. Mit dem Ziel, die K\u00f6rper\u00fcbungen leicht und stabil ausf\u00fchren zu k\u00f6nnen, \u00fcben alle \u201ein ihrem Zentimeter\u201c. Somit sind diejenigen, f\u00fcr die Yoga Neuland ist, in unserem Unterricht ebenso willkommen, wie Erfahrene.<\/p>\n\n\n\n<p><\/p>\n\n\n\n<h2 class=\"wp-block-heading has-larger-font-size\">Was bieten wir an?<\/h2>\n\n\n\n<div class=\"wp-block-columns is-layout-flex wp-container-core-columns-is-layout-9d6595d7 wp-block-columns-is-layout-flex\">\n<div class=\"wp-block-column is-layout-flow wp-block-column-is-layout-flow\">\n<ul style=\"font-size:23px\" class=\"wp-block-list\">\n<li>W\u00f6chentlicher <strong>Gruppenunterricht<\/strong> \u00fcber 90 Minuten\n<ul class=\"wp-block-list\">\n<li><strong>montags<\/strong> im B\u00fcrgerhaus in <strong>Bechenheim<\/strong><\/li>\n\n\n\n<li><strong>mittwochs<\/strong> in der <strong>Weinheimer Yogaschule<\/strong><\/li>\n<\/ul>\n<\/li>\n\n\n\n<li>als Kurs buchbar, f\u00fcr 11\u20ac\/UE, Dauer i.d.R. 6-10 Wochen, kostenlose Schnupperstunde m\u00f6glich<\/li>\n<\/ul>\n<\/div>\n\n\n\n<div class=\"wp-block-column is-layout-flow wp-block-column-is-layout-flow\">\n<ul style=\"font-size:23px\" class=\"wp-block-list\">\n<li><strong>Einzelstunden<\/strong> nach Vereinbarung<\/li>\n\n\n\n<li><strong>Workshops<\/strong> auf Anfrage<\/li>\n\n\n\n<li>Angebote f\u00fcr <strong>firmeninternen Unterricht<\/strong> sind m\u00f6glich<\/li>\n\n\n\n<li>Aktuell <strong>ehrenamtlich<\/strong> Yoga im Hospiz<\/li>\n<\/ul>\n<\/div>\n<\/div>\n\n\n\n<h2 class=\"wp-block-heading has-larger-font-size\" id=\"kontakt\">Welche Fragen sind noch offen?<\/h2>\n\n\n\n<p style=\"font-size:23px\">Sollten noch Fragen offen sein oder Interesse bestehen, an unserem Unterricht teilzunehmen, dann freuen wir uns sehr \u00fcber eine telefonische Kontaktaufnahme unter:<\/p>\n\n\n\n<p class=\"has-text-align-center\" style=\"font-size:30px\"><strong>0 67 31 \/ 94 30 16<\/strong><\/p>\n\n\n\n<p style=\"font-size:23px\">(Falls wir das Gespr\u00e4ch gerade nicht selbst entgegennehmen k\u00f6nnen, bitten wir um eine Nachricht auf dem Anrufbeantworter.)<\/p>\n","protected":false},"excerpt":{"rendered":"<p>Wer sind wir? Birgitt Markus Wir haben beide im Freiburger ZAYT (Zentrum f\u00fcr Alexandertechnik, Yoga und Tanz) bei Olivia Rohr eine vierj\u00e4hrige Ausbildung zur Yogalehrerin bzw. zum Yogalehrer mit insgesamt 800 Unterrichtsstunden erfolgreich abgeschlossen und seitdem folgende Fortbildungen besucht: Warum Yoga? Aus eigener Erfahrung wissen wir, wie vielf\u00e4ltig die positiven Auswirkungen einer regelm\u00e4\u00dfigen Yogapraxis sein [&hellip;]<\/p>\n","protected":false},"author":1,"featured_media":0,"parent":0,"menu_order":0,"comment_status":"closed","ping_status":"closed","template":"templates\/template-cover.php","meta":{"footnotes":""},"class_list":["post-40","page","type-page","status-publish","hentry"],"_links":{"self":[{"href":"https:\/\/yoga-in-rheinhessen.de\/index.php?rest_route=\/wp\/v2\/pages\/40","targetHints":{"allow":["GET"]}}],"collection":[{"href":"https:\/\/yoga-in-rheinhessen.de\/index.php?rest_route=\/wp\/v2\/pages"}],"about":[{"href":"https:\/\/yoga-in-rheinhessen.de\/index.php?rest_route=\/wp\/v2\/types\/page"}],"author":[{"embeddable":true,"href":"https:\/\/yoga-in-rheinhessen.de\/index.php?rest_route=\/wp\/v2\/users\/1"}],"replies":[{"embeddable":true,"href":"https:\/\/yoga-in-rheinhessen.de\/index.php?rest_route=%2Fwp%2Fv2%2Fcomments&post=40"}],"version-history":[{"count":60,"href":"https:\/\/yoga-in-rheinhessen.de\/index.php?rest_route=\/wp\/v2\/pages\/40\/revisions"}],"predecessor-version":[{"id":213,"href":"https:\/\/yoga-in-rheinhessen.de\/index.php?rest_route=\/wp\/v2\/pages\/40\/revisions\/213"}],"wp:attachment":[{"href":"https:\/\/yoga-in-rheinhessen.de\/index.php?rest_route=%2Fwp%2Fv2%2Fmedia&parent=40"}],"curies":[{"name":"wp","href":"https:\/\/api.w.org\/{rel}","templated":true}]}}